{"id":18,"date":"2024-05-21T07:20:44","date_gmt":"2024-05-21T05:20:44","guid":{"rendered":"https:\/\/locastellum.com\/?page_id=18"},"modified":"2024-05-21T07:57:50","modified_gmt":"2024-05-21T05:57:50","slug":"a-propos-de","status":"publish","type":"page","link":"https:\/\/locastellum.com\/index.php\/a-propos-de\/","title":{"rendered":"Activit\u00e9s et Loisirs"},"content":{"rendered":"\n<p>Entour\u00e9 de for\u00eats et de nature, notre domaine est le point de d\u00e9part id\u00e9al pour de nombreuses activit\u00e9s de plein air. Randonn\u00e9e, VTT, observation de la faune et de la flore, ou simplement se d\u00e9tendre dans le cadre enchanteur du ch\u00e2teau. Chaque saison apporte son lot de plaisirs et de d\u00e9couvertes.<\/p>\n","protected":false},"excerpt":{"rendered":"<p>Entour\u00e9 de for\u00eats et de nature, notre domaine est le point de d\u00e9part id\u00e9al pour de nombreuses activit\u00e9s de plein air. Randonn\u00e9e, VTT, observation de la faune et de la flore, ou simplement se d\u00e9tendre dans le cadre enchanteur du ch\u00e2teau. Chaque saison apporte son lot de plaisirs et de d\u00e9couvertes.<\/p>\n","protected":false},"author":1,"featured_media":46,"parent":0,"menu_order":0,"comment_status":"closed","ping_status":"closed","template":"","meta":{"footnotes":""},"class_list":["post-18","page","type-page","status-publish","has-post-thumbnail","hentry"],"_links":{"self":[{"href":"https:\/\/locastellum.com\/index.php\/wp-json\/wp\/v2\/pages\/18","targetHints":{"allow":["GET"]}}],"collection":[{"href":"https:\/\/locastellum.com\/index.php\/wp-json\/wp\/v2\/pages"}],"about":[{"href":"https:\/\/locastellum.com\/index.php\/wp-json\/wp\/v2\/types\/page"}],"author":[{"embeddable":true,"href":"https:\/\/locastellum.com\/index.php\/wp-json\/wp\/v2\/users\/1"}],"replies":[{"embeddable":true,"href":"https:\/\/locastellum.com\/index.php\/wp-json\/wp\/v2\/comments?post=18"}],"version-history":[{"count":2,"href":"https:\/\/locastellum.com\/index.php\/wp-json\/wp\/v2\/pages\/18\/revisions"}],"predecessor-version":[{"id":45,"href":"https:\/\/locastellum.com\/index.php\/wp-json\/wp\/v2\/pages\/18\/revisions\/45"}],"wp:featuredmedia":[{"embeddable":true,"href":"https:\/\/locastellum.com\/index.php\/wp-json\/wp\/v2\/media\/46"}],"wp:attachment":[{"href":"https:\/\/locastellum.com\/index.php\/wp-json\/wp\/v2\/media?parent=18"}],"curies":[{"name":"wp","href":"https:\/\/api.w.org\/{rel}","templated":true}]}}