{"id":21,"date":"2024-05-21T07:20:44","date_gmt":"2024-05-21T05:20:44","guid":{"rendered":"https:\/\/locastellum.com\/?page_id=21"},"modified":"2024-05-21T07:54:19","modified_gmt":"2024-05-21T05:54:19","slug":"une-section-de-page-daccueil","status":"publish","type":"page","link":"https:\/\/locastellum.com\/index.php\/une-section-de-page-daccueil\/","title":{"rendered":"Bienvenue au Ch\u00e2teau de Serverette"},"content":{"rendered":"\n<p>D\u00e9couvrez un havre de paix en plein c\u0153ur de la Loz\u00e8re. Notre ch\u00e2teau, entour\u00e9 de nature et de for\u00eats luxuriantes, vous offre une exp\u00e9rience unique de d\u00e9tente et de charme. Transform\u00e9 en g\u00eetes de charme, notre domaine est le lieu id\u00e9al pour une escapade romantique, des vacances en famille ou une retraite paisible loin de l&#8217;agitation urbaine.<\/p>\n","protected":false},"excerpt":{"rendered":"<p>D\u00e9couvrez un havre de paix en plein c\u0153ur de la Loz\u00e8re. Notre ch\u00e2teau, entour\u00e9 de nature et de for\u00eats luxuriantes, vous offre une exp\u00e9rience unique de d\u00e9tente et de charme. Transform\u00e9 en g\u00eetes de charme, notre domaine est le lieu id\u00e9al pour une escapade romantique, des vacances en famille ou une retraite paisible loin de &hellip; <\/p>\n<p class=\"link-more\"><a href=\"https:\/\/locastellum.com\/index.php\/une-section-de-page-daccueil\/\" class=\"more-link\">Continue reading<span class=\"screen-reader-text\"> &#8220;Bienvenue au Ch\u00e2teau de Serverette&#8221;<\/span><\/a><\/p>\n","protected":false},"author":1,"featured_media":43,"parent":0,"menu_order":0,"comment_status":"closed","ping_status":"closed","template":"","meta":{"footnotes":""},"class_list":["post-21","page","type-page","status-publish","has-post-thumbnail","hentry"],"_links":{"self":[{"href":"https:\/\/locastellum.com\/index.php\/wp-json\/wp\/v2\/pages\/21","targetHints":{"allow":["GET"]}}],"collection":[{"href":"https:\/\/locastellum.com\/index.php\/wp-json\/wp\/v2\/pages"}],"about":[{"href":"https:\/\/locastellum.com\/index.php\/wp-json\/wp\/v2\/types\/page"}],"author":[{"embeddable":true,"href":"https:\/\/locastellum.com\/index.php\/wp-json\/wp\/v2\/users\/1"}],"replies":[{"embeddable":true,"href":"https:\/\/locastellum.com\/index.php\/wp-json\/wp\/v2\/comments?post=21"}],"version-history":[{"count":2,"href":"https:\/\/locastellum.com\/index.php\/wp-json\/wp\/v2\/pages\/21\/revisions"}],"predecessor-version":[{"id":44,"href":"https:\/\/locastellum.com\/index.php\/wp-json\/wp\/v2\/pages\/21\/revisions\/44"}],"wp:featuredmedia":[{"embeddable":true,"href":"https:\/\/locastellum.com\/index.php\/wp-json\/wp\/v2\/media\/43"}],"wp:attachment":[{"href":"https:\/\/locastellum.com\/index.php\/wp-json\/wp\/v2\/media?parent=21"}],"curies":[{"name":"wp","href":"https:\/\/api.w.org\/{rel}","templated":true}]}}